{"id":34,"date":"2019-05-15T13:33:50","date_gmt":"2019-05-15T17:33:50","guid":{"rendered":"https:\/\/www.acoleche.cl\/?page_id=34"},"modified":"2021-11-24T17:26:40","modified_gmt":"2021-11-24T21:26:40","slug":"servicios","status":"publish","type":"page","link":"https:\/\/www.acoleche.cl\/?page_id=34","title":{"rendered":"Servicios"},"content":{"rendered":"\n<p class=\"has-text-align-center\"><strong>SERVICIO DE ASESOR\u00cdA T\u00c9CNICA (Acoleche)<\/strong><\/p>\n\n\n\n<div class=\"wp-block-image\"><figure class=\"aligncenter is-resized\"><img loading=\"lazy\" decoding=\"async\" src=\"https:\/\/www.acoleche.cl\/wp-content\/uploads\/2019\/05\/logo_240.jpg\" alt=\"\" class=\"wp-image-46\" width=\"72\" height=\"39\"\/><\/figure><\/div>\n\n\n\n<figure class=\"wp-block-table aligncenter\"><table><tbody><tr><td><\/td><td class=\"has-text-align-left\" data-align=\"left\"><strong>ACOLECHE A.G.<\/strong>, es la principal organizaci\u00f3n de representaci\u00f3n de la Agricultura Familiar Campesina (AFC) de la zona sur de Chile. Fue creada en 1998 y actualmente est\u00e1 conformada por&nbsp;Empresas Asociativas Campesinas (EAC) y productores individuales. Actualmente Acoleche se encuentra trabajando con los siguientes Programas de Asesor\u00eda T\u00e9cnica con INDAP, Regi\u00f3n de Los Lagos:<br><br>*<em> <strong>Nueva Adjudicaci\u00f3n Unidad Operativa Hortochacarera Ganadera, con 42 agricultores<\/strong><br><br>* <strong>Unidad Operativa Leche Carne Chilo\u00e9, con 65 agricultores<\/strong><br><br>* <strong>Unidad Operativa Leche Carne Maull\u00edn Calbuco, con 45 agricultores<\/strong><br><\/em><br> <\/td><\/tr><\/tbody><\/table><\/figure>\n\n\n\n<p class=\"has-text-align-center\">  <strong>SERVICIO DE GESTI\u00d3N T\u00c9CNICA ECON\u00d3MICA (Cege-Llanquihue)<\/strong><\/p>\n\n\n\n<div class=\"wp-block-image\"><figure class=\"aligncenter is-resized\"><img loading=\"lazy\" decoding=\"async\" src=\"https:\/\/www.acoleche.cl\/wp-content\/uploads\/2019\/05\/logo_cegellanquihue_240.jpg\" alt=\"\" class=\"wp-image-63\" width=\"43\" height=\"44\" srcset=\"https:\/\/www.acoleche.cl\/wp-content\/uploads\/2019\/05\/logo_cegellanquihue_240.jpg 240w, https:\/\/www.acoleche.cl\/wp-content\/uploads\/2019\/05\/logo_cegellanquihue_240-150x150.jpg 150w\" sizes=\"auto, (max-width: 43px) 100vw, 43px\" \/><\/figure><\/div>\n\n\n\n<figure class=\"wp-block-table\"><table><tbody><tr><td>      <strong>       <\/strong>      <\/td><td><strong>Cege-Llanquihue<\/strong>, es una organizaci\u00f3n creada por <strong>ACOLECHE A.G.<\/strong> para prestar un servicio muy especializado, que es gesti\u00f3n predial y empresarial para poder determinar indicadores productivos econ\u00f3micos, principalmente los costos de producci\u00f3n, y as\u00ed lograr tomar decisiones t\u00e9cnicas econ\u00f3micas acertadas y precisas.   <br>El Programa Centro de Gesti\u00f3n Empresarial y Predial, busca generar capacidades y habilidades que permitan aumentar la eficiencia productiva econ\u00f3mica en el manejo de la gesti\u00f3n y mejorar los resultados del negocio agropecuario. El apoyo se estructura en base a un Plan de Empresarizaci\u00f3n que contempla la incorporaci\u00f3n gradual de t\u00e9cnicas y herramientas de control de gesti\u00f3n.<\/td><\/tr><\/tbody><\/table><\/figure>\n\n\n\n<p class=\"has-text-align-center\"><strong>SERVICIO DE CAPACITACI\u00d3N (OTEC Proyecto Austral)<\/strong><\/p>\n\n\n\n<div class=\"wp-block-image\"><figure class=\"aligncenter is-resized\"><img loading=\"lazy\" decoding=\"async\" src=\"https:\/\/www.acoleche.cl\/wp-content\/uploads\/2019\/05\/logo_proyectoaustral_240.jpg\" alt=\"\" class=\"wp-image-64\" width=\"53\" height=\"36\"\/><\/figure><\/div>\n\n\n\n<figure class=\"wp-block-table\"><table><tbody><tr><td>   <strong>       <\/strong>   <\/td><td>   <strong>Proyecto Austral<\/strong>, es una OTEC Organismo T\u00e9cnico de Capacitaci\u00f3n, creada por <strong>ACOLECHE A.G.<\/strong> para prestar un servicio de capacitaci\u00f3n y especializaci\u00f3n.   <\/td><\/tr><\/tbody><\/table><\/figure>\n\n\n\n<p class=\"has-text-align-center\"><strong>VENTA DE SERVICIOS Y COMERCIALIZACI\u00d3N (Agr\u00edcola y Lechera Vida L\u00e1ctea SPA)<\/strong><\/p>\n\n\n\n<div class=\"wp-block-image\"><figure class=\"aligncenter is-resized\"><img loading=\"lazy\" decoding=\"async\" src=\"https:\/\/www.acoleche.cl\/wp-content\/uploads\/2019\/05\/logo_vidalactea_240.png\" alt=\"\" class=\"wp-image-65\" width=\"65\" height=\"31\"\/><\/figure><\/div>\n\n\n\n<figure class=\"wp-block-table\"><table><tbody><tr><td>             <\/td><td><strong>Agr\u00edcola y Lechera Vida   L\u00e1ctea S.P.A.<\/strong>, es una empresa comercial, creada por <strong>ACOLECHE A.G.<\/strong> para prestar un servicio   de comercializaci\u00f3n de servicios e insumos.   <\/td><\/tr><\/tbody><\/table><\/figure>\n","protected":false},"excerpt":{"rendered":"<p>SERVICIO DE ASESOR\u00cdA T\u00c9CNICA (Acoleche) ACOLECHE A.G., es la principal organizaci\u00f3n de representaci\u00f3n de la Agricultura Familiar Campesina (AFC) de la zona sur de Chile. Fue creada en 1998 y actualmente est\u00e1 conformada por&nbsp;Empresas Asociativas Campesinas (EAC) y productores individuales. &hellip; <a href=\"https:\/\/www.acoleche.cl\/?page_id=34\">Continuar leyendo <span class=\"meta-nav\">&rarr;<\/span><\/a><\/p>\n","protected":false},"author":1,"featured_media":0,"parent":151,"menu_order":3,"comment_status":"closed","ping_status":"closed","template":"","meta":{"footnotes":""},"class_list":["post-34","page","type-page","status-publish","hentry"],"_links":{"self":[{"href":"https:\/\/www.acoleche.cl\/index.php?rest_route=\/wp\/v2\/pages\/34","targetHints":{"allow":["GET"]}}],"collection":[{"href":"https:\/\/www.acoleche.cl\/index.php?rest_route=\/wp\/v2\/pages"}],"about":[{"href":"https:\/\/www.acoleche.cl\/index.php?rest_route=\/wp\/v2\/types\/page"}],"author":[{"embeddable":true,"href":"https:\/\/www.acoleche.cl\/index.php?rest_route=\/wp\/v2\/users\/1"}],"replies":[{"embeddable":true,"href":"https:\/\/www.acoleche.cl\/index.php?rest_route=%2Fwp%2Fv2%2Fcomments&post=34"}],"version-history":[{"count":21,"href":"https:\/\/www.acoleche.cl\/index.php?rest_route=\/wp\/v2\/pages\/34\/revisions"}],"predecessor-version":[{"id":233,"href":"https:\/\/www.acoleche.cl\/index.php?rest_route=\/wp\/v2\/pages\/34\/revisions\/233"}],"up":[{"embeddable":true,"href":"https:\/\/www.acoleche.cl\/index.php?rest_route=\/wp\/v2\/pages\/151"}],"wp:attachment":[{"href":"https:\/\/www.acoleche.cl\/index.php?rest_route=%2Fwp%2Fv2%2Fmedia&parent=34"}],"curies":[{"name":"wp","href":"https:\/\/api.w.org\/{rel}","templated":true}]}}