{"id":2,"date":"2019-05-07T04:03:47","date_gmt":"2019-05-07T08:03:47","guid":{"rendered":"http:\/\/acoleche.cl\/?page_id=2"},"modified":"2021-11-24T17:26:12","modified_gmt":"2021-11-24T21:26:12","slug":"sample-page","status":"publish","type":"page","link":"https:\/\/www.acoleche.cl\/","title":{"rendered":"Quienes Somos"},"content":{"rendered":"\n<h2><strong><em>Asociaci\u00f3n Gremial de Centros de Acopio y Productores de Leche de la Zona Sur<\/em><\/strong><\/h2>\n\n\n\n<p><strong><span style=\"color:#0f8222\" class=\"has-inline-color\">ACOLECHE A.G.<\/span><\/strong><\/p>\n\n\n\n<p class=\"has-text-align-center\">La Asociaci\u00f3n Gremial se constituy\u00f3 el 18 de Junio de 1996, con la incorporaci\u00f3n de 10 centros de acopio de leche de regi\u00f3n de los R\u00edos y de Los Lagos, cuyos dirigentes vieron la necesidad de asociarse para buscar una instancia de representaci\u00f3n, que permitiera enfrentar en forma conjunta problemas comunes y generar proposiciones desde la perspectiva de los productores de la Agricultura Familiar Campesina (AFC), frente al sector industrial como al sector p\u00fablico, para la b\u00fasqueda de un mejor futuro que permitiera el desarrollo de los productores y sus familias. <\/p>\n\n\n\n<p class=\"has-text-align-center\"><strong>ACOLECHE AG<\/strong>, se ha caracterizado por su contribuci\u00f3n al sector lechero y agropecuario, al representar el segmento de productores asociados a la AFC, a trav\u00e9s de la defensa de sus derechos, as\u00ed como tambi\u00e9n de la priorizaci\u00f3n de los problemas que frenan su desarrollo e impiden su inserci\u00f3n en los mercados nacionales e internacionales, a trav\u00e9s del fomento productivo, encadenamiento y capacitaci\u00f3n de sus representados.<\/p>\n\n\n\n<h3><strong>El Directorio de ACOLECHE A.G, est\u00e1 conformado por: <\/strong><\/h3>\n\n\n\n<figure class=\"wp-block-table\"><table><tbody><tr><td>Presidente:<\/td><td>Sr. Fernando Schwerter Morales<\/td><\/tr><tr><td>Vicepresidente:<\/td><td>Sr. Humberto Oyarz\u00fan Bohle<\/td><\/tr><tr><td>Encargado de Finanzas:<\/td><td>Sr. Plutarco Segundo Alarc\u00f3n Garc\u00eda<\/td><\/tr><tr><td>Secretario:<\/td><td>Sr. Ra\u00fal S\u00e1nchez Reuter<\/td><\/tr><tr><td>Primer Director:<\/td><td>Sr. Oscar Jarpa Leiva<\/td><\/tr><\/tbody><\/table><\/figure>\n\n\n\n<h3><strong>El personal profesional de Acoleche AG, est\u00e1 conformado por: <\/strong><\/h3>\n\n\n\n<h3><strong>Encargado Departamento Servicios Tecnol\u00f3gicos:<\/strong><\/h3>\n\n\n\n<div class=\"wp-container-1 wp-block-group\"><div class=\"wp-block-group__inner-container\">\n<figure class=\"wp-block-table\"><table><tbody><tr><td>Guillermo Ubilla Catal\u00e1n <\/td><td>Profesor Educaci\u00f3n Media Tec. Prof.,<br>T\u00e9cnico Agr\u00edcola<\/td><\/tr><\/tbody><\/table><\/figure>\n\n\n\n<h3><strong>Departamento T\u00e9cnico y Gesti\u00f3n:<\/strong><\/h3>\n<\/div><\/div>\n\n\n\n<figure class=\"wp-block-table\"><table><tbody><tr><td>Julio Vera Ya\u00f1ez<\/td><td>Ingeniero Agr\u00f3nomo<\/td><\/tr><tr><td>Carlos Soto Barrientos<\/td><td>Ingeniero Ejecuci\u00f3n Agr\u00edcola<\/td><\/tr><tr><td>Eugenia Cabezas Monsalves<\/td><td>Ingeniera Agr\u00f3noma<\/td><\/tr><tr><td>Mauricio Gonz\u00e1lez Altamirano<\/td><td>M\u00e9dico Veterinario<\/td><\/tr><tr><td>Janine Lieblein<\/td><td>M\u00e9dico Veterinario<\/td><\/tr><tr><td>Claudio G\u00f3mez Arriagada<\/td><td>M\u00e9dico Veterinario<\/td><\/tr><\/tbody><\/table><\/figure>\n\n\n\n<h3><strong>Departamento de Finanzas:<\/strong><\/h3>\n\n\n\n<figure class=\"wp-block-table\"><table><tbody><tr><td>Luis Gallardo Mansilla <\/td><td>Contador Auditor<\/td><\/tr><tr><td>Orlando Vera Oporto<\/td><td>Contador Auditor y Mg en Planificaci\u00f3n y gesti\u00f3n Tributaria<\/td><\/tr><\/tbody><\/table><\/figure>\n\n\n\n\n\n<h3 id=\"block-1cbef252-0678-4fcf-ae9d-aa3bffa22cb8\"><strong>Departamento Jur\u00eddico:<\/strong><\/h3>\n\n\n\n<figure class=\"wp-block-table\"><table><tbody><tr><td>Alejandra Mutizabal Adriazola<\/td><td>Abogada<\/td><\/tr><\/tbody><\/table><\/figure>\n\n\n\n<h3><strong>Profesionales externos de apoyo a ACOLECHE A.G: <\/strong><\/h3>\n\n\n\n<figure class=\"wp-block-table is-style-stripes\"><table><tbody><tr><td>Sr. Cristhian Ferrada Alonso<\/td><td>Psic\u00f3logo Coach<\/td><\/tr><tr><td>Sr. Wilson Mart\u00ednez Fuente                                                                            <\/td><td>Contador auditor, Mg en Econom\u00eda y Gesti\u00f3n Regional<\/td><\/tr><tr><td>Sr. Rodrigo Riffo Poblete<\/td><td>Ingeniero Civil Agr\u00edcola, riego y drenaje<\/td><\/tr><tr><td>Sr. Gonzalo Padilla Larroquette<\/td><td>Ingeniero en Automatizaci\u00f3n y Control Industrial, Sistemas Fotovoltaicos <\/td><\/tr><\/tbody><\/table><\/figure>\n\n\n\n<p><\/p>\n","protected":false},"excerpt":{"rendered":"<p>Asociaci\u00f3n Gremial de Centros de Acopio y Productores de Leche de la Zona Sur ACOLECHE A.G. La Asociaci\u00f3n Gremial se constituy\u00f3 el 18 de Junio de 1996, con la incorporaci\u00f3n de 10 centros de acopio de leche de regi\u00f3n de &hellip; <a href=\"https:\/\/www.acoleche.cl\/\">Continuar leyendo <span class=\"meta-nav\">&rarr;<\/span><\/a><\/p>\n","protected":false},"author":1,"featured_media":0,"parent":137,"menu_order":1,"comment_status":"closed","ping_status":"closed","template":"","meta":[],"_links":{"self":[{"href":"https:\/\/www.acoleche.cl\/index.php?rest_route=\/wp\/v2\/pages\/2"}],"collection":[{"href":"https:\/\/www.acoleche.cl\/index.php?rest_route=\/wp\/v2\/pages"}],"about":[{"href":"https:\/\/www.acoleche.cl\/index.php?rest_route=\/wp\/v2\/types\/page"}],"author":[{"embeddable":true,"href":"https:\/\/www.acoleche.cl\/index.php?rest_route=\/wp\/v2\/users\/1"}],"replies":[{"embeddable":true,"href":"https:\/\/www.acoleche.cl\/index.php?rest_route=%2Fwp%2Fv2%2Fcomments&post=2"}],"version-history":[{"count":16,"href":"https:\/\/www.acoleche.cl\/index.php?rest_route=\/wp\/v2\/pages\/2\/revisions"}],"predecessor-version":[{"id":197,"href":"https:\/\/www.acoleche.cl\/index.php?rest_route=\/wp\/v2\/pages\/2\/revisions\/197"}],"up":[{"embeddable":true,"href":"https:\/\/www.acoleche.cl\/index.php?rest_route=\/wp\/v2\/pages\/137"}],"wp:attachment":[{"href":"https:\/\/www.acoleche.cl\/index.php?rest_route=%2Fwp%2Fv2%2Fmedia&parent=2"}],"curies":[{"name":"wp","href":"https:\/\/api.w.org\/{rel}","templated":true}]}}