{"id":117,"date":"2019-06-05T15:47:32","date_gmt":"2019-06-05T19:47:32","guid":{"rendered":"https:\/\/www.acoleche.cl\/?page_id=117"},"modified":"2022-01-20T17:26:05","modified_gmt":"2022-01-20T21:26:05","slug":"charlas-y-cursos","status":"publish","type":"page","link":"https:\/\/www.acoleche.cl\/?page_id=117","title":{"rendered":"Charlas y Cursos"},"content":{"rendered":"\n<p><strong>***D\u00cdA DE CAMPO***<\/strong><\/p>\n\n\n\n<p><strong><em>Manejo de cultivos<\/em><\/strong>: Con una entusiasta participaci\u00f3n, se realiz\u00f3 este D\u00eda de Campo, donde se compartieron experiencias y se entregaron conocimientos y herramientas para el manejo de cultivos, tales como, frutillas, frambuesas, papas y ajos.<\/p>\n\n\n\n<figure class=\"wp-container-2 wp-block-gallery-1 wp-block-gallery columns-1 is-cropped\"><ul class=\"blocks-gallery-grid\"><li class=\"blocks-gallery-item\"><figure><img loading=\"lazy\" width=\"724\" height=\"1024\" src=\"https:\/\/www.acoleche.cl\/wp-content\/uploads\/2022\/01\/CEGE-LLANQUIHUE-ACOLECHE-A.G-1-724x1024.jpg\" alt=\"\" data-id=\"296\" data-full-url=\"https:\/\/www.acoleche.cl\/wp-content\/uploads\/2022\/01\/CEGE-LLANQUIHUE-ACOLECHE-A.G-1.jpg\" data-link=\"https:\/\/www.acoleche.cl\/?attachment_id=296\" class=\"wp-image-296\" srcset=\"https:\/\/www.acoleche.cl\/wp-content\/uploads\/2022\/01\/CEGE-LLANQUIHUE-ACOLECHE-A.G-1-724x1024.jpg 724w, https:\/\/www.acoleche.cl\/wp-content\/uploads\/2022\/01\/CEGE-LLANQUIHUE-ACOLECHE-A.G-1-212x300.jpg 212w, https:\/\/www.acoleche.cl\/wp-content\/uploads\/2022\/01\/CEGE-LLANQUIHUE-ACOLECHE-A.G-1-768x1086.jpg 768w, https:\/\/www.acoleche.cl\/wp-content\/uploads\/2022\/01\/CEGE-LLANQUIHUE-ACOLECHE-A.G-1-1086x1536.jpg 1086w, https:\/\/www.acoleche.cl\/wp-content\/uploads\/2022\/01\/CEGE-LLANQUIHUE-ACOLECHE-A.G-1-1448x2048.jpg 1448w, https:\/\/www.acoleche.cl\/wp-content\/uploads\/2022\/01\/CEGE-LLANQUIHUE-ACOLECHE-A.G-1.jpg 1587w\" sizes=\"(max-width: 724px) 100vw, 724px\" \/><\/figure><\/li><\/ul><\/figure>\n\n\n\n<p>***SEMINARIO ENFERMEDADES BACTERIANAS DE LA PAPA***<\/p>\n\n\n\n<p>INIA y FIA, en el marco del Proyecto &#8220;Desarrollo de un paquete de manejo integrado para bacteria en el cultivo de papa, basado en un m\u00e9todo de cuantificaci\u00f3n del potencial de infecci\u00f3n latente y su expresi\u00f3n en el campo, como medida de adaptaci\u00f3n al riesgo sanitario frente al cambio clim\u00e1tico\u201d, tienen el agrado de invitarlos al Seminario en l\u00ednea \u201cEnfermedades bacterianas de la papa: Avances y desaf\u00edos\u201d a realizarse el d\u00eda jueves <strong>30 de septiembre<\/strong> a partir de las <strong>16:10 hrs. <\/strong><\/p>\n\n\n\n<p>Para inscribirse, seguir el siguiente link:<\/p>\n\n\n\n<p><a href=\"https:\/\/www.inia.cl\/semanasanidadvegetalymedioambiente\/inicio\">https:\/\/www.inia.cl\/semanasanidadvegetalymedioambiente\/inicio<\/a><\/p>\n\n\n\n<p><\/p>\n\n\n\n<p>***III SEMINARIO DE NUTRICI\u00d3N ANIMAL*** 2 DE SEPTIEMBRE 17:30 hrs<\/p>\n\n\n\n<p>Econom\u00eda Global, Futuro y Oportunidades para la Ganaderia Nacional<\/p>\n\n\n\n<p>* Control de gases invernadero: impacto ambiental y productivo en lecher\u00edas del sur de Chile.<br>* Escenario y proyecciones del mercado de granos y proteicos.<br>* Exportaci\u00f3n mar\u00edtima de ganado en pie a China.<\/p>\n\n\n\n<p>Te dejamos el link para la inscripci\u00f3n aqu\u00ed:<\/p>\n\n\n\n<p><a href=\"https:\/\/innovaragro.com\/proximos-eventos\/08\/3er-seminario-coagra-nutricion-animal\/\">https:\/\/innovaragro.com\/proximos-eventos\/08\/3er-seminario-coagra-nutricion-animal\/<\/a><\/p>\n\n\n\n<p><\/p>\n\n\n\n<p>***<strong><em>CHARLAS MINAGRI<\/em><\/strong>***<\/p>\n\n\n\n<p>Si quieres participar de <strong>Charlas gratuitas<\/strong>, ingresa al siguiente link todos los martes, desde las 10:00 am. Estas se realizan por MINAGRI (Ministerio de Agricultura) v\u00eda Zoom, donde se exponen variados temas agropecuarios de inter\u00e9s.<\/p>\n\n\n\n<p><a rel=\"noreferrer noopener\" href=\"https:\/\/us02web.zoom.us\/j\/87253245239?pwd=SWtReU0ybmcyTWJ1aVV3b2V0SWNudz09\" target=\"_blank\">https:\/\/us02web.zoom.us\/j\/87253245239?pwd=SWtReU0ybmcyTWJ1aVV3b2V0SWNudz09<\/a><br><br>ID&nbsp;de&nbsp;reuni\u00f3n      : 872 5324 5239<br>C\u00f3digo&nbsp;de&nbsp;acceso: 731389<\/p>\n\n\n\n<p><strong><em>&nbsp;***<a href=\"https:\/\/www.acoleche.cl\/?p=224\">CURSO AUTO-APRENDIZAJE EN ECOLOG\u00cdA<\/a><\/em><\/strong>***<\/p>\n\n\n\n<p>Si quieres participar de este interesante curso o tener m\u00e1s informaci\u00f3n, ingresa al link que te dejamos a continuaci\u00f3n. Este curso es un esfuerzo conjunto de la Organizaci\u00f3n de las Naciones Unidas para la Alimentaci\u00f3n y la Agricultura (FAO) y la Sociedad Cient\u00edfica Latinoamericana de Agroecolog\u00eda (SOCLA) , y pretende adem\u00e1s ser un aporte para estimular el intercambio y la difusi\u00f3n de buenas pr\u00e1cticas de agroecolog\u00eda en el contexto del desarrollo territorial, sostenibilidad y resiliencia, gobernanza y empoderamiento de las comunidades y las personas.<\/p>\n\n\n\n<p>Disponible hasta el 31 de diciembre 2021<\/p>\n\n\n\n<p><a href=\"http:\/\/www.fao.org\/in-action\/capacitacion-politicas-publicas\/cursos\/ver\/es\/c\/1412359\/\">http:\/\/www.fao.org\/in-action\/capacitacion-politicas-publicas\/cursos\/ver\/es\/c\/1412359\/<\/a><\/p>\n\n\n\n<p>***<strong><em>SEMINARIO: &#8220;ABORDANDO EL FRAUDE ALIMENTARIO DE, AYER, HOY Y  MA\u00d1ANA &#8220;<\/em><\/strong>***<\/p>\n\n\n\n<p><strong><em>FECHA: 12 DE AGOSTO 2021<\/em><\/strong> <\/p>\n\n\n\n<p>El Fraude Alimentario puede ocurrir por distintas razones como son la adulteraci\u00f3n de su composici\u00f3n, diluci\u00f3n del alimento, falsificaci\u00f3n para asemejar ser uno de mayor calidad y precio, etiquetado incorrecto con respecto al origen del alimento, entre otras. Son muchos los alimentos que son susceptibles a fraude alimentario, como por ejemplo el aceite de oliva, jugos de fruta, vino, miel, pescados y mariscos, especias, alimentos de denominaci\u00f3n org\u00e1nica, etc.&nbsp;<\/p>\n\n\n\n<p>Cupos Limitados!! Pre- registro en inscripci\u00f3n en el link que te dejamos a continuaci\u00f3n: <a href=\"https:\/\/forms.office.com\/r\/ygr0YXGwzA\">https:\/\/forms.office.com\/r\/ygr0YXGwzA<\/a><\/p>\n\n\n\n<p><\/p>\n","protected":false},"excerpt":{"rendered":"<p>***D\u00cdA DE CAMPO*** Manejo de cultivos: Con una entusiasta participaci\u00f3n, se realiz\u00f3 este D\u00eda de Campo, donde se compartieron experiencias y se entregaron conocimientos y herramientas para el manejo de cultivos, tales como, frutillas, frambuesas, papas y ajos. ***SEMINARIO ENFERMEDADES &hellip; <a href=\"https:\/\/www.acoleche.cl\/?page_id=117\">Continuar leyendo <span class=\"meta-nav\">&rarr;<\/span><\/a><\/p>\n","protected":false},"author":1,"featured_media":0,"parent":120,"menu_order":5,"comment_status":"closed","ping_status":"closed","template":"","meta":[],"_links":{"self":[{"href":"https:\/\/www.acoleche.cl\/index.php?rest_route=\/wp\/v2\/pages\/117"}],"collection":[{"href":"https:\/\/www.acoleche.cl\/index.php?rest_route=\/wp\/v2\/pages"}],"about":[{"href":"https:\/\/www.acoleche.cl\/index.php?rest_route=\/wp\/v2\/types\/page"}],"author":[{"embeddable":true,"href":"https:\/\/www.acoleche.cl\/index.php?rest_route=\/wp\/v2\/users\/1"}],"replies":[{"embeddable":true,"href":"https:\/\/www.acoleche.cl\/index.php?rest_route=%2Fwp%2Fv2%2Fcomments&post=117"}],"version-history":[{"count":10,"href":"https:\/\/www.acoleche.cl\/index.php?rest_route=\/wp\/v2\/pages\/117\/revisions"}],"predecessor-version":[{"id":297,"href":"https:\/\/www.acoleche.cl\/index.php?rest_route=\/wp\/v2\/pages\/117\/revisions\/297"}],"up":[{"embeddable":true,"href":"https:\/\/www.acoleche.cl\/index.php?rest_route=\/wp\/v2\/pages\/120"}],"wp:attachment":[{"href":"https:\/\/www.acoleche.cl\/index.php?rest_route=%2Fwp%2Fv2%2Fmedia&parent=117"}],"curies":[{"name":"wp","href":"https:\/\/api.w.org\/{rel}","templated":true}]}}